{"id":26,"date":"2019-10-30T08:04:23","date_gmt":"2019-10-30T13:04:23","guid":{"rendered":"https:\/\/demo.casethemes.net\/consultio-business2\/?page_id=26"},"modified":"2025-12-29T10:20:08","modified_gmt":"2025-12-29T15:20:08","slug":"envio-de-manuscritos","status":"publish","type":"page","link":"https:\/\/revistaecuadorescalidad.agrocalidad.gob.ec\/inicio\/index.php\/envio-de-manuscritos\/","title":{"rendered":"Env\u00edo de manuscritos"},"content":{"rendered":"\t\t<div data-elementor-type=\"wp-page\" data-elementor-id=\"26\" class=\"elementor elementor-26\">\n\t\t\t\t\t\t<div class=\"elementor-inner\">\n\t\t\t\t<div class=\"elementor-section-wrap\">\n\t\t\t\t\t\t\t        <section class=\"elementor-section elementor-top-section elementor-element elementor-element-bf4d915 elementor-section-boxed elementor-section-height-default elementor-section-height-default\" data-id=\"bf4d915\" data-element_type=\"section\">\n            \n                        <div class=\"elementor-container elementor-column-gap-extended \">\n                            <div class=\"elementor-row\">\n                    <div class=\"elementor-column elementor-col-100 elementor-top-column elementor-element elementor-element-5282614\" data-id=\"5282614\" data-element_type=\"column\">\n            <div class=\"elementor-column-wrap elementor-element-populated\">\n                            <div class=\"elementor-widget-wrap\">\n                        <section class=\"elementor-section elementor-inner-section elementor-element elementor-element-6b326e2 elementor-section-boxed elementor-section-height-default elementor-section-height-default\" data-id=\"6b326e2\" data-element_type=\"section\">\n            \n                        <div class=\"elementor-container elementor-column-gap-extended \">\n                            <div class=\"elementor-row\">\n                    <div class=\"elementor-column elementor-col-100 elementor-inner-column elementor-element elementor-element-71555f1\" data-id=\"71555f1\" data-element_type=\"column\">\n            <div class=\"elementor-column-wrap elementor-element-populated\">\n                            <div class=\"elementor-widget-wrap\">\n                \t\t<div class=\"elementor-element elementor-element-176c3a2 elementor-widget elementor-widget-text-editor\" data-id=\"176c3a2\" data-element_type=\"widget\" data-widget_type=\"text-editor.default\">\n\t\t\t\t<div class=\"elementor-widget-container\">\n\t\t\t\t\t\t\t\t<div class=\"elementor-text-editor elementor-clearfix\">\n\t\t\t\t<p>El env\u00edo de manuscritos por parte de los autores se lo realiza a trav\u00e9s de la plataforma digital de la revista, en la que se deber\u00e1 cargar el manuscrito y proporcionar la informaci\u00f3n que se solicite.<\/p><p>Los manuscritos ser\u00e1n recibidos por el Editor de la revista y \u00e9ste los transferir\u00e1 al Editor de Secci\u00f3n para la evaluaci\u00f3n de concordancia con la tem\u00e1tica de la revista.<\/p><p><strong>Antes de proceder con el env\u00edo de manuscritos aseg\u00farese de revisar las instrucciones para los autores.<\/strong><\/p><center><a class=\"maxbutton-1 maxbutton maxbutton-realizar-un-nuevo-envio\" title=\"Enviar un art\u00edculo\" href=\"https:\/\/revistaecuadorescalidad.agrocalidad.gob.ec\/revistaecuadorescalidad\/index.php\/revista\/submissions\"><span class='mb-text'>Enviar un art\u00edculo<\/span><\/a><\/center><hr \/><p style=\"text-align: justify;\"><span style=\"font-size: 18pt;\"><strong>INSTRUCCIONES A LOS AUTORES<\/strong><\/span><\/p><p style=\"text-align: justify;\"><strong>ECUADOR ES CALIDAD:<\/strong> Revista Cient\u00edfica Ecuatoriana acepta art\u00edculos originales e in\u00e9ditos que no se encuentren publicados o en proceso de evaluaci\u00f3n por otra publicaci\u00f3n.<\/p><p style=\"text-align: justify;\">Todos los manuscritos presentados \u00a0para su evaluaci\u00f3n, deber\u00e1n ir acompa\u00f1ados de una carta de presentaci\u00f3n o <em>Cover Letter<\/em>\u00a0firmado por todos los autores, en la que confirma \u00a0que el contenido, as\u00ed como todas las figuras y tablas, fueron elaborados por los autores del manuscrito; adem\u00e1s, declara estar de acuerdo con el car\u00e1cter de acceso abierto y de la licencia de uso que brinda.\u00a0Este documento es requisito indispensable para publicar un art\u00edculo en la revista ECUADOR ES CALIDAD: Revista Cient\u00edfica Ecuatoriana.\u00a0El modelo de este documento se encuentra en <a href=\"https:\/\/revistaecuadorescalidad.agrocalidad.gob.ec\/inicio\/wp-content\/uploads\/2025\/12\/2.-Formato-carta-de-presentacio\u0301n-de-arti\u0301culos_2025.docx\"><strong><u>este enlace<\/u><\/strong><\/a>.<\/p><p style=\"text-align: justify;\">Los art\u00edculos cient\u00edficos deben remitirse en la plantilla oficial descargable <a href=\"https:\/\/revistaecuadorescalidad.agrocalidad.gob.ec\/inicio\/wp-content\/uploads\/2025\/12\/1.-Plantilla-para-presentacio\u0301n-de-arti\u0301culos-cienti\u0301ficos.rev_2026.docx\"><strong>aqu\u00ed<\/strong><\/a>.<\/p><p style=\"text-align: justify;\"><strong>Pol\u00edticas de Derechos de Autor<\/strong><\/p><p style=\"text-align: justify;\">Al momento de remitir los manuscritos a la revista, \u00a0los autores se comprometen a lo siguiente:<\/p><ul style=\"text-align: justify;\"><li class=\"show\">Aseguran la originalidad del trabajo presentado por el autor y coautores.<\/li><li class=\"show\">El art\u00edculo no ha sido aceptado para publicaci\u00f3n, y no se encuentra en proceso de revisi\u00f3n en otra revista.<\/li><li class=\"show\">El autor y coautores poseen los derechos sobre todo el material utilizado en el art\u00edculo.<\/li><\/ul><p style=\"text-align: justify;\">En cuanto el art\u00edculo sea aceptado para publicaci\u00f3n en la revista, el autor principal remitir\u00e1 un documento firmado en el cual acepta su publicaci\u00f3n y cede los derechos de publicaci\u00f3n a la revista. Este documento es requisito indispensable para publicar un art\u00edculo en la revista ECUADOR ES CALIDAD: Revista Cient\u00edfica Ecuatoriana. El modelo de este documento se encuentra en <a href=\"https:\/\/revistaecuadorescalidad.agrocalidad.gob.ec\/inicio\/wp-content\/uploads\/2025\/12\/Anexo-5c.-Plantilla-para-autorizacio\u0301n-de-la-publicacio\u0301n-de-arti\u0301culos_actual.docx\"><strong><u>este enlace<\/u><\/strong><\/a>.<\/p><p style=\"text-align: justify;\">Las pol\u00edticas de derechos de autor ser\u00e1n establecidas en base a la normativa vigente de Propiedad Intelectual en el Ecuador.<\/p><p style=\"text-align: justify;\"><strong>Formato del Manuscrito (Art\u00edculo y Comunicaci\u00f3n Cient\u00edfica)<\/strong><\/p><p style=\"text-align: justify;\">Los manuscritos deber\u00e1n ser presentados en tama\u00f1o A4, con un interlineado sencillo. El tama\u00f1o de letra debe ser 10 Times New Roman, exceptuando el Resumen y\/o Abstract, en los que se usar\u00e1 tama\u00f1o de letra 9. Los subt\u00edtulos ir\u00e1n en negrita, alineados al lado izquierdo. La extensi\u00f3n del art\u00edculo cient\u00edfico tendr\u00e1 un m\u00e1ximo de 7000 palabras, incluyendo el t\u00edtulo, resumen, palabras clave, referencias, tablas, figuras y leyendas. Tomar en cuenta que tanto tablas como figuras peque\u00f1as tendr\u00e1n un equivalente en palabras de 300, mientras que tablas y figuras grandes pueden tener un equivalente en palabras de 600 o m\u00e1s.<\/p><p style=\"text-align: justify;\">Las comunicaciones tendr\u00e1n una extensi\u00f3n de 2500 palabras, incluyendo el t\u00edtulo, resumen, palabras clave, referencias, tablas, figuras y leyendas.<\/p><p style=\"text-align: justify;\"><u>Figuras y tablas<\/u><\/p><p style=\"text-align: justify;\">Las figuras pueden aparecer a color o en escala de grises, su tama\u00f1o depender\u00e1 del criterio del autor, con la condici\u00f3n que sean ilustrativas y, en caso de tener letras y\/o caracteres, \u00e9stos sean distinguibles aun despu\u00e9s de una reducci\u00f3n de entre el 25 y 50%. Las leyendas de figuras ser\u00e1n colocadas en la parte inferior de la misma y con numeraci\u00f3n para facilitar su identificaci\u00f3n. Al hacer referencia a las figuras dentro de su art\u00edculo, utilice la abreviatura &#8220;Fig.&#8221;, incluso al citar dentro del texto. Las tablas se deben presentar en blanco y negro. Las leyendas de tablas ser\u00e1n colocadas en la parte superior de la misma y con numeraci\u00f3n para facilitar su identificaci\u00f3n. No se debe abreviar &#8220;Tabla&#8221; y \u00e9stas deben ser numeradas. Tanto figuras como tablas presentes en el art\u00edculo tienen necesariamente que ser mencionadas en el texto. Asimismo, tanto figuras como tablas deben tener leyendas informativas que indiquen con claridad la informaci\u00f3n presentada. Si la figura y\/o tabla fue obtenida de otro trabajo sin modificaci\u00f3n, debe citarse la fuente y, adem\u00e1s, presentarse una autorizaci\u00f3n por parte del autor para su utilizaci\u00f3n en el art\u00edculo. Si la figura y\/o tabla fue parcialmente modificada de una existente en las referencias, se debe escribir en la leyenda &#8220;adaptado de (referencia)&#8221;. Si la figura y\/o tabla es de elaboraci\u00f3n propia, no es necesaria aclaraci\u00f3n alguna.<\/p><p style=\"text-align: justify;\">En el caso de ecuaciones matem\u00e1ticas, utilizar un editor de ecuaciones y numerar las ecuaciones para facilitar la explicaci\u00f3n en el texto.<\/p><p style=\"text-align: justify;\"><u>Bibliograf\u00eda Recomendada<\/u><\/p><p style=\"text-align: justify;\">Para las referencias que sean usadas en el manuscrito se recomienda se use el estilo de bibliograf\u00eda VANCOUVER. Un ejemplo del modelo de bibliograf\u00eda se puede <a href=\"https:\/\/www.agrocalidad.gob.ec\/wp-content\/uploads\/2020\/06\/CITAS-Y-REFERENCIAS-VANCOUVER-ECUADOR-ES-CALIDAD.pdf\" target=\"_blank\" rel=\"noopener\"><strong>descargar aqu\u00ed<\/strong><\/a><strong>.<\/strong><\/p><p style=\"text-align: justify;\"><strong>Formato Art\u00edculos de Opini\u00f3n<\/strong><\/p><p style=\"text-align: justify;\">Los art\u00edculos de opini\u00f3n tendr\u00e1n una extensi\u00f3n de 1500 palabras. Estar\u00e1n conformados por el art\u00edculo y una breve biograf\u00eda del autor y las referencias bibliogr\u00e1ficas correspondientes si las hubiera.<\/p><p style=\"text-align: justify;\"><strong>Formato Art\u00edculos de Revisi\u00f3n (Review<\/strong>)<\/p><p style=\"text-align: justify;\">Los art\u00edculos de revisi\u00f3n tendr\u00e1n una extensi\u00f3n de no m\u00e1s de 15000 palabras. Estar\u00e1n conformados por:<\/p><ul><li class=\"show\" style=\"text-align: justify;\">T\u00edtulo<\/li><li class=\"show\" style=\"text-align: justify;\">Nombre(s) del autor(es) y afiliaci\u00f3n(es)<\/li><li class=\"show\" style=\"text-align: justify;\">Resumen y palabras clave<\/li><li class=\"show\" style=\"text-align: justify;\">Title<\/li><li class=\"show\" style=\"text-align: justify;\">Abstract and key words<\/li><li class=\"show\" style=\"text-align: justify;\">Introducci\u00f3n<\/li><li class=\"show\" style=\"text-align: justify;\">Temas concernientes a la revisi\u00f3n<\/li><li class=\"show\" style=\"text-align: justify;\">Discusi\u00f3n y Conclusiones<\/li><li class=\"show\" style=\"text-align: justify;\">Agradecimientos (opcional)<\/li><li class=\"show\" style=\"text-align: justify;\">Referencias<\/li><\/ul><hr \/><p><span style=\"font-size: 18pt;\"><strong><strong>INSTRUCCIONES \u00a0A LOS \u00a0REVISORES<\/strong><\/strong><\/span><\/p><p style=\"text-align: justify;\">Los revisores asignados al manuscrito se comprometen a realizar una evaluaci\u00f3n confidencial, apegados al c\u00f3digo de \u00e9tica de la revista. Adem\u00e1s, tendr\u00e1n que preparar \u201cEl Informe del Revisor\u201d, el mismo que deber\u00e1 ser concreto. A continuaci\u00f3n se detalla el contenido recomendado para el Informe del Revisor:<\/p><ul><li style=\"text-align: justify;\">El primer p\u00e1rrafo incluir\u00e1 el t\u00edtulo de manuscrito, los nombres de los autores y una s\u00edntesis del contenido del trabajo. Si se considera conveniente, se pueden comentar aspectos novedosos en lo referente a metodolog\u00eda o hallazgos.<\/li><li style=\"text-align: justify;\">En el segundo p\u00e1rrafo se debe evaluar la estructura del manuscrito; debe evaluarse, entre los aspectos m\u00e1s importantes, si la problem\u00e1tica y los m\u00e9todos fueron descritos apropiadamente, y si hay claridad en la discusi\u00f3n y conclusiones.<\/li><li style=\"text-align: justify;\">Si el revisor lo considera necesario, puede sugerir referencias adicionales que puedan mejorar la calidad del manuscrito (opcional).<\/li><li style=\"text-align: justify;\">En caso de ser necesario que el autor realice cambios, correcciones y\/o aclaraciones, se debe listar las mismas en vi\u00f1etas indicando la parte del manuscrito que debe ser cambiada, corregida y\/o aclarada.<\/li><li style=\"text-align: justify;\">En el \u00faltimo p\u00e1rrafo del informe, el revisor sugiere la aceptaci\u00f3n o rechazo del manuscrito. La aceptaci\u00f3n del manuscrito puede hacerse en las condiciones originales (el revisor juzga que no es necesario cambio alguno), condicionada a cambios menores o mayores. Si la aceptaci\u00f3n est\u00e1 condicionada a cambios (menores o mayores), conviene que el revisor indique si es necesario que se le env\u00ede el manuscrito otra vez cuando el autor haya realizado las correcciones.<\/li><\/ul>\t\t\t\t\t<\/div>\n\t\t\t\t\t\t<\/div>\n\t\t\t\t<\/div>\n\t\t                <\/div>\n                    <\/div>\n        <\/div>\n                                <\/div>\n                    <\/div>\n        <\/section>\n                        <\/div>\n                    <\/div>\n        <\/div>\n                                <\/div>\n                    <\/div>\n        <\/section>\n                <section class=\"elementor-section elementor-top-section elementor-element elementor-element-720bd044 elementor-section-stretched elementor-section-boxed elementor-section-height-default elementor-section-height-default\" data-id=\"720bd044\" data-element_type=\"section\" data-settings=\"{&quot;stretch_section&quot;:&quot;section-stretched&quot;,&quot;background_background&quot;:&quot;classic&quot;}\">\n            \n                        <div class=\"elementor-container elementor-column-gap-extended \">\n                            <div class=\"elementor-row\">\n                    <div class=\"elementor-column elementor-col-100 elementor-top-column elementor-element elementor-element-1f6a8df8\" data-id=\"1f6a8df8\" data-element_type=\"column\">\n            <div class=\"elementor-column-wrap elementor-element-populated\">\n                            <div class=\"elementor-widget-wrap\">\n                \t\t<div class=\"elementor-element elementor-element-49fda913 elementor-widget elementor-widget-ct_clients_list\" data-id=\"49fda913\" data-element_type=\"widget\" data-widget_type=\"ct_clients_list.default\">\n\t\t\t\t<div class=\"elementor-widget-container\">\n\t\t\t    <div class=\"ct-client1 ct-slick-slider style1\">\r\n        <div class=\"ct-clients-list-inner\">\r\n            <div class=\"ct-slick-carousel\" data-arrows=\"\" data-dots=\"\" data-pauseOnHover=\"\" data-autoplay=\"true\" data-autoplaySpeed=\"8000\" data-infinite=\"true\" data-speed=\"800\" data-colxs=\"1\" data-colsm=\"3\" data-colmd=\"4\" data-collg=\"4\" data-colxl=\"4\" data-dir=\"false\" data-slidesToScroll=\"1\">\r\n                                        <div class=\"slick-slide\">\r\n                            <div class=\"client-image \">\r\n                                <a href=\"#\">\r\n                                                                                                        <\/a>\r\n                            <\/div>\r\n                        <\/div>\r\n                                                            <div class=\"slick-slide\">\r\n                            <div class=\"client-image \">\r\n                                <a href=\"#\">\r\n                                                                                                        <\/a>\r\n                            <\/div>\r\n                        <\/div>\r\n                                                            <div class=\"slick-slide\">\r\n                            <div class=\"client-image \">\r\n                                <a href=\"#\">\r\n                                                                                                        <\/a>\r\n                            <\/div>\r\n                        <\/div>\r\n                                                            <div class=\"slick-slide\">\r\n                            <div class=\"client-image \">\r\n                                <a href=\"#\">\r\n                                                                                                        <\/a>\r\n                            <\/div>\r\n                        <\/div>\r\n                                                            <div class=\"slick-slide\">\r\n                            <div class=\"client-image \">\r\n                                <a href=\"#\">\r\n                                                                                                        <\/a>\r\n                            <\/div>\r\n                        <\/div>\r\n                                                <\/div>\r\n        <\/div>\r\n    <\/div>\r\n\t\t<\/div>\n\t\t\t\t<\/div>\n\t\t                <\/div>\n                    <\/div>\n        <\/div>\n                                <\/div>\n                    <\/div>\n        <\/section>\n        \t\t\t\t\t\t\t<\/div>\n\t\t\t<\/div>\n\t\t\t\t\t<\/div>\n\t\t","protected":false},"excerpt":{"rendered":"<p>El env\u00edo de manuscritos por parte de los autores se lo realiza a trav\u00e9s de la plataforma digital de la revista, en la que se deber\u00e1 cargar el manuscrito y proporcionar la informaci\u00f3n que se solicite. Los manuscritos ser\u00e1n recibidos por el Editor de la revista y \u00e9ste los transferir\u00e1 al Editor de Secci\u00f3n para [&hellip;]<\/p>\n","protected":false},"author":1,"featured_media":0,"parent":0,"menu_order":0,"comment_status":"closed","ping_status":"closed","template":"","meta":[],"_links":{"self":[{"href":"https:\/\/revistaecuadorescalidad.agrocalidad.gob.ec\/inicio\/index.php\/wp-json\/wp\/v2\/pages\/26"}],"collection":[{"href":"https:\/\/revistaecuadorescalidad.agrocalidad.gob.ec\/inicio\/index.php\/wp-json\/wp\/v2\/pages"}],"about":[{"href":"https:\/\/revistaecuadorescalidad.agrocalidad.gob.ec\/inicio\/index.php\/wp-json\/wp\/v2\/types\/page"}],"author":[{"embeddable":true,"href":"https:\/\/revistaecuadorescalidad.agrocalidad.gob.ec\/inicio\/index.php\/wp-json\/wp\/v2\/users\/1"}],"replies":[{"embeddable":true,"href":"https:\/\/revistaecuadorescalidad.agrocalidad.gob.ec\/inicio\/index.php\/wp-json\/wp\/v2\/comments?post=26"}],"version-history":[{"count":58,"href":"https:\/\/revistaecuadorescalidad.agrocalidad.gob.ec\/inicio\/index.php\/wp-json\/wp\/v2\/pages\/26\/revisions"}],"predecessor-version":[{"id":7142,"href":"https:\/\/revistaecuadorescalidad.agrocalidad.gob.ec\/inicio\/index.php\/wp-json\/wp\/v2\/pages\/26\/revisions\/7142"}],"wp:attachment":[{"href":"https:\/\/revistaecuadorescalidad.agrocalidad.gob.ec\/inicio\/index.php\/wp-json\/wp\/v2\/media?parent=26"}],"curies":[{"name":"wp","href":"https:\/\/api.w.org\/{rel}","templated":true}]}}