{"id":3491,"date":"2020-02-07T02:16:32","date_gmt":"2020-02-07T02:16:32","guid":{"rendered":"https:\/\/demo.casethemes.net\/consultio-business2\/?page_id=3491"},"modified":"2021-01-05T19:59:00","modified_gmt":"2021-01-05T19:59:00","slug":"sobre-la-revista","status":"publish","type":"page","link":"https:\/\/revistaecuadorescalidad.agrocalidad.gob.ec\/inicio\/index.php\/sobre-la-revista\/","title":{"rendered":"Sobre la revista"},"content":{"rendered":"\t\t<div data-elementor-type=\"wp-page\" data-elementor-id=\"3491\" class=\"elementor elementor-3491\">\n\t\t\t\t\t\t<div class=\"elementor-inner\">\n\t\t\t\t<div class=\"elementor-section-wrap\">\n\t\t\t\t\t\t\t        <section class=\"elementor-section elementor-top-section elementor-element elementor-element-40fd8216 elementor-section-boxed elementor-section-height-default elementor-section-height-default\" data-id=\"40fd8216\" data-element_type=\"section\">\n            \n                        <div class=\"elementor-container elementor-column-gap-extended \">\n                            <div class=\"elementor-row\">\n                    <div class=\"elementor-column elementor-col-50 elementor-top-column elementor-element elementor-element-2a114ffb\" data-id=\"2a114ffb\" data-element_type=\"column\">\n            <div class=\"elementor-column-wrap elementor-element-populated\">\n                            <div class=\"elementor-widget-wrap\">\n                \t\t<div class=\"elementor-element elementor-element-e7c34af elementor-widget elementor-widget-ct_heading\" data-id=\"e7c34af\" data-element_type=\"widget\" data-widget_type=\"ct_heading.default\">\n\t\t\t\t<div class=\"elementor-widget-container\">\n\t\t\t<div class=\"ct-heading h-align- wow fadeInUp sub-style2 ct-heading-left item-st-default\">\r\n\t    <h4 class=\"item--title st-default\">\r\n                <span>\r\n                        PRESENTACI\u00d3N DE LA REVISTA\n\n                    <\/span>\r\n            <\/h4>\r\n<\/div>\t\t<\/div>\n\t\t\t\t<\/div>\n\t\t\t\t<div class=\"elementor-element elementor-element-10df5e6a wow fadeInUp elementor-widget elementor-widget-text-editor\" data-id=\"10df5e6a\" data-element_type=\"widget\" data-widget_type=\"text-editor.default\">\n\t\t\t\t<div class=\"elementor-widget-container\">\n\t\t\t\t\t\t\t\t<div class=\"elementor-text-editor elementor-clearfix\">\n\t\t\t\t<p>La revista ECUADOR ES CALIDAD:\u00a0<strong>Revista Cient\u00edfica Ecuatoriana<\/strong>, surge como un proyecto de la ex Agencia Ecuatoriana de Aseguramiento de la Calidad del Agro (AGROCALIDAD), ahora Agencia de Regulaci\u00f3n y Control Fito y Zoosanitario, con el objetivo de fomentar el conocimiento cient\u00edfico en el \u00e1rea agropecuaria y de inocuidad de los alimentos, a trav\u00e9s de la publicaci\u00f3n de art\u00edculos originales. La revista publica trabajos relacionados con estudios de relevancia en todos los \u00e1mbitos de las ciencias agr\u00edcolas y pecuarias.<\/p><p>Los temas espec\u00edficos de inter\u00e9s incluyen a la fisiolog\u00eda vegetal y animal, la modelizaci\u00f3n de los sistemas de cultivos y crianza de animales, las bases cient\u00edficas de la agronom\u00eda y zootecnia, soluciones de ingenier\u00eda, el uso del suelo, impactos ambientales de la agricultura y forestal, los impactos del cambio clim\u00e1tico, el impacto en el uso de plaguicidas o residuos de plaguicidas debido a actividades agropecuarias, el dise\u00f1o experimental y el an\u00e1lisis estad\u00edstico y la aplicaci\u00f3n de nuevos m\u00e9todos diagn\u00f3sticos.<\/p><p>La revista \u201cECUADOR ES CALIDAD\u201d est\u00e1 a disposici\u00f3n de instituciones p\u00fablicas y privadas tanto del \u00e1mbito nacional como internacional, y aportar\u00e1 a la difusi\u00f3n del conocimiento cient\u00edfico en un \u00e1rea que constituye uno de los pilares fundamentales para el desarrollo del pa\u00eds.<\/p><p>ECUADOR ES CALIDAD: Revista Cient\u00edfica Ecuatoriana es una revista cient\u00edfica arbitrada, que utiliza el sistema de evaluaci\u00f3n externa por expertos (peer-review), bajo la modalidad doble ciego (double-blind review). Se encuentra indizada en el cat\u00e1logo LATINDEX, Sistema Regional de informaci\u00f3n en L\u00ednea para Revistas Cient\u00edficas de Am\u00e9rica Latina, El Caribe, Espa\u00f1a y Portugal, es parte del directorio del DOAJ (Directory of Open Access Journals ) y \u00a0conforma la Matriz de Informaci\u00f3n para el An\u00e1lisis de Revistas, MIAR.<\/p><p>La revista se edita en doble versi\u00f3n: impresa\u00a0<strong>(ISSN: 1390-9223)<\/strong>\u00a0y electr\u00f3nica\u00a0<strong>(e-ISSN: 2528-7850)<\/strong>, en espa\u00f1ol, siendo identificado adem\u00e1s cada trabajo con un DOI (Digital Object Identifier System).<\/p>\t\t\t\t\t<\/div>\n\t\t\t\t\t\t<\/div>\n\t\t\t\t<\/div>\n\t\t                <\/div>\n                    <\/div>\n        <\/div>\n                <div class=\"elementor-column elementor-col-50 elementor-top-column elementor-element elementor-element-431858c4\" data-id=\"431858c4\" data-element_type=\"column\">\n            <div class=\"elementor-column-wrap elementor-element-populated\">\n                            <div class=\"elementor-widget-wrap\">\n                \t\t<div class=\"elementor-element elementor-element-160cdc54 wow fadeInRight elementor-widget elementor-widget-image\" data-id=\"160cdc54\" data-element_type=\"widget\" data-widget_type=\"image.default\">\n\t\t\t\t<div class=\"elementor-widget-container\">\n\t\t\t\t\t\t\t\t<div class=\"elementor-image\">\n\t\t\t\t\t\t\t\t\t\t\t\t<img width=\"808\" height=\"1080\" src=\"https:\/\/revistaecuadorescalidad.agrocalidad.gob.ec\/inicio\/wp-content\/uploads\/2021\/01\/n.jpeg\" class=\"attachment-full size-full\" alt=\"\" loading=\"lazy\" srcset=\"https:\/\/revistaecuadorescalidad.agrocalidad.gob.ec\/inicio\/wp-content\/uploads\/2021\/01\/n.jpeg 808w, https:\/\/revistaecuadorescalidad.agrocalidad.gob.ec\/inicio\/wp-content\/uploads\/2021\/01\/n-224x300.jpeg 224w, https:\/\/revistaecuadorescalidad.agrocalidad.gob.ec\/inicio\/wp-content\/uploads\/2021\/01\/n-766x1024.jpeg 766w, https:\/\/revistaecuadorescalidad.agrocalidad.gob.ec\/inicio\/wp-content\/uploads\/2021\/01\/n-768x1027.jpeg 768w\" sizes=\"(max-width: 808px) 100vw, 808px\" \/>\t\t\t\t\t\t\t\t\t\t\t\t\t\t<\/div>\n\t\t\t\t\t\t<\/div>\n\t\t\t\t<\/div>\n\t\t\t\t<div class=\"elementor-element elementor-element-2e424e89 elementor-widget elementor-widget-ct_heading\" data-id=\"2e424e89\" data-element_type=\"widget\" data-widget_type=\"ct_heading.default\">\n\t\t\t\t<div class=\"elementor-widget-container\">\n\t\t\t<div class=\"ct-heading h-align- wow fadeInUp sub-style2 ct-heading-left item-st-default\">\r\n\t    <h3 class=\"item--title st-default\">\r\n                <span>\r\n                        FRECUENCIA DE LA REVISTA                    <\/span>\r\n            <\/h3>\r\n<\/div>\t\t<\/div>\n\t\t\t\t<\/div>\n\t\t\t\t<div class=\"elementor-element elementor-element-1e183e09 wow fadeInRight elementor-widget elementor-widget-text-editor\" data-id=\"1e183e09\" data-element_type=\"widget\" data-widget_type=\"text-editor.default\">\n\t\t\t\t<div class=\"elementor-widget-container\">\n\t\t\t\t\t\t\t\t<div class=\"elementor-text-editor elementor-clearfix\">\n\t\t\t\t<p>La frecuencia de publicaci\u00f3n de la revista es de un volumen (dos fasc\u00edculos) por a\u00f1o.<\/p><p>\u00a0<\/p>\t\t\t\t\t<\/div>\n\t\t\t\t\t\t<\/div>\n\t\t\t\t<\/div>\n\t\t                <\/div>\n                    <\/div>\n        <\/div>\n                                <\/div>\n                    <\/div>\n        <\/section>\n        \t\t\t\t\t\t\t<\/div>\n\t\t\t<\/div>\n\t\t\t\t\t<\/div>\n\t\t","protected":false},"excerpt":{"rendered":"<p>PRESENTACI\u00d3N DE LA REVISTA La revista ECUADOR ES CALIDAD:\u00a0Revista Cient\u00edfica Ecuatoriana, surge como un proyecto de la ex Agencia Ecuatoriana de Aseguramiento de la Calidad del Agro (AGROCALIDAD), ahora Agencia de Regulaci\u00f3n y Control Fito y Zoosanitario, con el objetivo de fomentar el conocimiento cient\u00edfico en el \u00e1rea agropecuaria y de inocuidad de los alimentos, [&hellip;]<\/p>\n","protected":false},"author":1,"featured_media":0,"parent":0,"menu_order":0,"comment_status":"closed","ping_status":"closed","template":"","meta":[],"_links":{"self":[{"href":"https:\/\/revistaecuadorescalidad.agrocalidad.gob.ec\/inicio\/index.php\/wp-json\/wp\/v2\/pages\/3491"}],"collection":[{"href":"https:\/\/revistaecuadorescalidad.agrocalidad.gob.ec\/inicio\/index.php\/wp-json\/wp\/v2\/pages"}],"about":[{"href":"https:\/\/revistaecuadorescalidad.agrocalidad.gob.ec\/inicio\/index.php\/wp-json\/wp\/v2\/types\/page"}],"author":[{"embeddable":true,"href":"https:\/\/revistaecuadorescalidad.agrocalidad.gob.ec\/inicio\/index.php\/wp-json\/wp\/v2\/users\/1"}],"replies":[{"embeddable":true,"href":"https:\/\/revistaecuadorescalidad.agrocalidad.gob.ec\/inicio\/index.php\/wp-json\/wp\/v2\/comments?post=3491"}],"version-history":[{"count":13,"href":"https:\/\/revistaecuadorescalidad.agrocalidad.gob.ec\/inicio\/index.php\/wp-json\/wp\/v2\/pages\/3491\/revisions"}],"predecessor-version":[{"id":6209,"href":"https:\/\/revistaecuadorescalidad.agrocalidad.gob.ec\/inicio\/index.php\/wp-json\/wp\/v2\/pages\/3491\/revisions\/6209"}],"wp:attachment":[{"href":"https:\/\/revistaecuadorescalidad.agrocalidad.gob.ec\/inicio\/index.php\/wp-json\/wp\/v2\/media?parent=3491"}],"curies":[{"name":"wp","href":"https:\/\/api.w.org\/{rel}","templated":true}]}}