{"id":5610,"date":"2020-11-20T18:22:34","date_gmt":"2020-11-20T18:22:34","guid":{"rendered":"https:\/\/revistaecuadorescalidad.agrocalidad.gob.ec\/inicio\/?page_id=5610"},"modified":"2021-01-05T19:52:45","modified_gmt":"2021-01-05T19:52:45","slug":"sistema-de-arbitraje","status":"publish","type":"page","link":"https:\/\/revistaecuadorescalidad.agrocalidad.gob.ec\/inicio\/index.php\/sistema-de-arbitraje\/","title":{"rendered":"Sistema de arbitraje"},"content":{"rendered":"\t\t<div data-elementor-type=\"wp-page\" data-elementor-id=\"5610\" class=\"elementor elementor-5610\">\n\t\t\t\t\t\t<div class=\"elementor-inner\">\n\t\t\t\t<div class=\"elementor-section-wrap\">\n\t\t\t\t\t\t\t        <section class=\"elementor-section elementor-top-section elementor-element elementor-element-40fd8216 elementor-section-boxed elementor-section-height-default elementor-section-height-default\" data-id=\"40fd8216\" data-element_type=\"section\">\n            \n                        <div class=\"elementor-container elementor-column-gap-extended \">\n                            <div class=\"elementor-row\">\n                    <div class=\"elementor-column elementor-col-100 elementor-top-column elementor-element elementor-element-2a114ffb\" data-id=\"2a114ffb\" data-element_type=\"column\">\n            <div class=\"elementor-column-wrap elementor-element-populated\">\n                            <div class=\"elementor-widget-wrap\">\n                \t\t<div class=\"elementor-element elementor-element-10df5e6a wow fadeInUp elementor-widget elementor-widget-text-editor\" data-id=\"10df5e6a\" data-element_type=\"widget\" data-widget_type=\"text-editor.default\">\n\t\t\t\t<div class=\"elementor-widget-container\">\n\t\t\t\t\t\t\t\t<div class=\"elementor-text-editor elementor-clearfix\">\n\t\t\t\t<p>Una vez que el Comit\u00e9 Editorial ha verificado que el manuscrito cumple las condiciones preestablecidas de pertinencia y formato, indicadas en la secci\u00f3n \u201cInstrucci\u00f3n a los autores\u201d, pasar\u00e1 a la siguiente etapa. Los manuscritos que sean considerados relevantes, se enviar\u00e1n a dos expertos revisores (revisi\u00f3n por pares), externos a la entidad editora, an\u00f3nimos, especialistas en la tem\u00e1tica del art\u00edculo,\u00a0 en el modelo doble ciego. La selecci\u00f3n de los revisores estar\u00e1 a cargo del Comit\u00e9 Editorial\u00a0 y el Editor de Secci\u00f3n respectivo.<\/p><p>Los expertos evaluar\u00e1n el manuscrito y emitir\u00e1n un informe respecto al mismo. \u00a0La aceptaci\u00f3n del manuscrito puede hacerse en las condiciones originales (el revisor juzga que no es necesario cambio alguno), condicionada a cambios menores o mayores. Si la aceptaci\u00f3n est\u00e1 condicionada a cambios (menores o mayores), conviene que el revisor indique si es necesario que se le env\u00ede el manuscrito otra vez cuando el autor haya realizado las correcciones.<\/p><p>En base a las recomendaciones de los revisores, el Editor o miembro del Comit\u00e9 Editorial asignado de la revista comunicar\u00e1 al autor el resultado de la evaluaci\u00f3n del manuscrito. En el caso de que se realicen recomendaciones para el trabajo determinado, estas se enviar\u00e1n al autor con las observaciones respectivas para realizar los cambios pertinentes.<\/p><p>Si el manuscrito ha sido aceptado con modificaciones, el autor deber\u00e1 enviar una nueva versi\u00f3n del art\u00edculo (manuscrito corregido) atendiendo las observaciones y recomendaciones de los revisores, las cuales podr\u00e1n, de ser necesario, remitidas a los revisores para verificar la validez de las correcciones realizadas. La decisi\u00f3n final si procede o no la publicaci\u00f3n del art\u00edculo ser\u00e1 tomada por el Editor de la revista, la cual ser\u00e1 comunicada al autor.<\/p>\t\t\t\t\t<\/div>\n\t\t\t\t\t\t<\/div>\n\t\t\t\t<\/div>\n\t\t                <\/div>\n                    <\/div>\n        <\/div>\n                                <\/div>\n                    <\/div>\n        <\/section>\n        \t\t\t\t\t\t\t<\/div>\n\t\t\t<\/div>\n\t\t\t\t\t<\/div>\n\t\t","protected":false},"excerpt":{"rendered":"<p>Una vez que el Comit\u00e9 Editorial ha verificado que el manuscrito cumple las condiciones preestablecidas de pertinencia y formato, indicadas en la secci\u00f3n \u201cInstrucci\u00f3n a los autores\u201d, pasar\u00e1 a la siguiente etapa. Los manuscritos que sean considerados relevantes, se enviar\u00e1n a dos expertos revisores (revisi\u00f3n por pares), externos a la entidad editora, an\u00f3nimos, especialistas en [&hellip;]<\/p>\n","protected":false},"author":1,"featured_media":0,"parent":0,"menu_order":0,"comment_status":"closed","ping_status":"closed","template":"","meta":[],"_links":{"self":[{"href":"https:\/\/revistaecuadorescalidad.agrocalidad.gob.ec\/inicio\/index.php\/wp-json\/wp\/v2\/pages\/5610"}],"collection":[{"href":"https:\/\/revistaecuadorescalidad.agrocalidad.gob.ec\/inicio\/index.php\/wp-json\/wp\/v2\/pages"}],"about":[{"href":"https:\/\/revistaecuadorescalidad.agrocalidad.gob.ec\/inicio\/index.php\/wp-json\/wp\/v2\/types\/page"}],"author":[{"embeddable":true,"href":"https:\/\/revistaecuadorescalidad.agrocalidad.gob.ec\/inicio\/index.php\/wp-json\/wp\/v2\/users\/1"}],"replies":[{"embeddable":true,"href":"https:\/\/revistaecuadorescalidad.agrocalidad.gob.ec\/inicio\/index.php\/wp-json\/wp\/v2\/comments?post=5610"}],"version-history":[{"count":11,"href":"https:\/\/revistaecuadorescalidad.agrocalidad.gob.ec\/inicio\/index.php\/wp-json\/wp\/v2\/pages\/5610\/revisions"}],"predecessor-version":[{"id":6205,"href":"https:\/\/revistaecuadorescalidad.agrocalidad.gob.ec\/inicio\/index.php\/wp-json\/wp\/v2\/pages\/5610\/revisions\/6205"}],"wp:attachment":[{"href":"https:\/\/revistaecuadorescalidad.agrocalidad.gob.ec\/inicio\/index.php\/wp-json\/wp\/v2\/media?parent=5610"}],"curies":[{"name":"wp","href":"https:\/\/api.w.org\/{rel}","templated":true}]}}