{"id":5625,"date":"2020-11-20T18:28:13","date_gmt":"2020-11-20T18:28:13","guid":{"rendered":"https:\/\/revistaecuadorescalidad.agrocalidad.gob.ec\/inicio\/?page_id=5625"},"modified":"2020-11-20T18:29:10","modified_gmt":"2020-11-20T18:29:10","slug":"politica-de-acceso-abierto","status":"publish","type":"page","link":"https:\/\/revistaecuadorescalidad.agrocalidad.gob.ec\/inicio\/index.php\/politica-de-acceso-abierto\/","title":{"rendered":"Pol\u00edtica de acceso abierto"},"content":{"rendered":"\t\t<div data-elementor-type=\"wp-page\" data-elementor-id=\"5625\" class=\"elementor elementor-5625\">\n\t\t\t\t\t\t<div class=\"elementor-inner\">\n\t\t\t\t<div class=\"elementor-section-wrap\">\n\t\t\t\t\t\t\t        <section class=\"elementor-section elementor-top-section elementor-element elementor-element-40fd8216 elementor-section-boxed elementor-section-height-default elementor-section-height-default\" data-id=\"40fd8216\" data-element_type=\"section\">\n            \n                        <div class=\"elementor-container elementor-column-gap-extended \">\n                            <div class=\"elementor-row\">\n                    <div class=\"elementor-column elementor-col-100 elementor-top-column elementor-element elementor-element-2a114ffb\" data-id=\"2a114ffb\" data-element_type=\"column\">\n            <div class=\"elementor-column-wrap elementor-element-populated\">\n                            <div class=\"elementor-widget-wrap\">\n                \t\t<div class=\"elementor-element elementor-element-10df5e6a wow fadeInUp elementor-widget elementor-widget-text-editor\" data-id=\"10df5e6a\" data-element_type=\"widget\" data-widget_type=\"text-editor.default\">\n\t\t\t\t<div class=\"elementor-widget-container\">\n\t\t\t\t\t\t\t\t<div class=\"elementor-text-editor elementor-clearfix\">\n\t\t\t\t<ol><li><strong>Pol\u00edtica Social Abierta<\/strong><\/li><\/ol><p>\u201cECUADOR ES CALIDAD: Revista Cient\u00edfica Ecuatoriana\u201d es una revista gratuita, que no tiene costo de sometimiento y\/o publicaci\u00f3n, de acceso abierto, para autores y lectores, misma que emplea la reutilizaci\u00f3n y el auto-archivado de sus art\u00edculos. En este sentido, la revista cuenta con una Licencia Creative Commons 4.0 de Reconocimiento-NoComercial-CompartirIgual 4.0.\u00a0 y se encuentra incluida en el directorio de Acceso Abierto DOAJ. La revista conserva los derechos de publicaci\u00f3n de los art\u00edculos, tanto de la versi\u00f3n impresa como digital.<\/p><p>\u00a0<\/p><ol start=\"2\"><li><strong>Derechos de autor<\/strong><\/li><\/ol><p>Los art\u00edculos que se publican en \u201cECUADOR ES CALIDAD: Revista Cient\u00edfica Ecuatoriana\u201d est\u00e1n sujetos a los siguientes t\u00e9rminos:<\/p><ul><li>La Agencia de Regulaci\u00f3n y Control Fito y Zoosanitario (RUC: 1768188830001) conserva los derechos patrimoniales (copyright) de los art\u00edculos publicados, y permite la reutilizaci\u00f3n de su contenido bajo la licencia Creative CommonsReconocimiento-No-Comercial-CompartirIgual 4.0 Ecuador, por lo cual se pueden copiar, usar, redistribuir, difundir, transmitir, exponer p\u00fablicamente, remezclar transformar y crear a partir del material, siempre que:<\/li><\/ul><ol><li>Se cite la autor\u00eda y fuente original de su publicaci\u00f3n (revista, editorial, URL y DOI de la obra).<\/li><li>No se usen para fines comerciales u onerosos.<\/li><li>Si usted mezcla, transforma o crea nuevo material a partir de esta obra, usted podr\u00e1 distribuir su contribuci\u00f3n siempre que utilice la misma licencia que la obra original.<\/li><\/ol><ul><li>La publicaci\u00f3n otorga a cada art\u00edculo un Digital Object Identifier(DOI), un identificador alfanum\u00e9rico, que permite localizar de manera un\u00edvoca un art\u00edculo en internet.<\/li><\/ul><p>\u00a0<\/p><ol start=\"3\"><li><strong>\u00a0Pol\u00edtica de Acceso Abierto<\/strong><\/li><\/ol><p>\u201cECUADOR ES CALIDAD: Revista Cient\u00edfica Ecuatoriana\u201d es una revista de Acceso Abierto, disponible en acceso libre (<em>Open Access<\/em>) sin restricciones temporales y se encuentra incluida en el Directorio de Revistas de Acceso Abierto (<em>Directory of Open Access Journals<\/em>\u00a0\u2013 DOAJ).<\/p><p><u>Condiciones de auto-archivo:<\/u>\u00a0Se permite a los autores la reutilizaci\u00f3n de los trabajos publicados, es decir, se puede archivar el\u00a0<em>post-print<\/em>\u00a0(o la versi\u00f3n final posterior a la revisi\u00f3n por pares o la versi\u00f3n PDF del editor), con fines no comerciales.<\/p><p>\u00a0<\/p><ol start=\"4\"><li><strong>Derecho de los lectores<\/strong><\/li><\/ol><p>Los lectores tienen el derecho de leer todos los art\u00edculos de \u201cECUADOR ES CALIDAD: Revista Cient\u00edfica Ecuatoriana\u201d de forma gratuita inmediatamente posterior a su publicaci\u00f3n. La publicaci\u00f3n no implica cargo econ\u00f3mico alguno, ni para el acceso a su material.<\/p><p>\u00a0<\/p><ol start=\"5\"><li><strong>Publicaci\u00f3n autom\u00e1tica<\/strong><\/li><\/ol><p>Los art\u00edculos de \u201cECUADOR ES CALIDAD: Revista Cient\u00edfica Ecuatoriana\u201d inmediatamente despu\u00e9s de su publicaci\u00f3n se encuentran disponibles en la p\u00e1gina web de la revista.<\/p><p>\u00a0<\/p><ol start=\"6\"><li><strong>Legibilidad en las m\u00e1quinas e interoperabilidad<\/strong><\/li><\/ol><p>El texto completo, los metadatos y las citas de los art\u00edculos se pueden rastrear y acceder con permiso. La pol\u00edtica social abierta de la revista permite adem\u00e1s la legibilidad de los archivos y sus metadatos, propiciando la interoperabilidad bajo el protocolo OAI-PMH de open data y c\u00f3digo abierto. Los archivos de los art\u00edculos, se encuentran disponibles en formatos PDF, y E-Pub lo que facilita la lectura de los mismos en cualquier dispositivo y plataforma inform\u00e1tica.<\/p><p>\u00a0<\/p><ol start=\"7\"><li><strong>Pol\u00edticas de preservaci\u00f3n digital<\/strong><\/li><\/ol><p>La revista utiliza el Open Journal System (OJS), el cual es compatible con el sistema LOCKSS (Lots of Coples Keep Stuff Safe) y CLOCKSS (Controlled Lots of Coples Keep Stuff Safe) que garantizan a la revista archivos permanentes y seguros.<\/p><p>\u00a0<\/p><ol start=\"8\"><li><strong>Declaraci\u00f3n de acceso abierto<\/strong><\/li><\/ol><p>Esta revista proporciona un acceso abierto a su contenido, basado en el principio de que ofrecer al p\u00fablico un acceso libre a las investigaciones ayuda a un mayor intercambio global del conocimiento.<\/p>\t\t\t\t\t<\/div>\n\t\t\t\t\t\t<\/div>\n\t\t\t\t<\/div>\n\t\t                <\/div>\n                    <\/div>\n        <\/div>\n                                <\/div>\n                    <\/div>\n        <\/section>\n        \t\t\t\t\t\t\t<\/div>\n\t\t\t<\/div>\n\t\t\t\t\t<\/div>\n\t\t","protected":false},"excerpt":{"rendered":"<p>REFERENCIAS GENERALES La revista ECUADOR ES CALIDAD: Revista Cient\u00edfica Ecuatoriana se adhiere a los lineamientos para \u00e9tica en la publicaci\u00f3n, establecidos\u00a0 por el Committee on Publication Ethics (COPE). El presente documento ha tomado como base las normas establecidas en \u201cGuidelines On Good Publication Practice\u201d. Todos los autores, revisores, colaboradores, coeditores y editor declaran t\u00e1citamente seguir [&hellip;]<\/p>\n","protected":false},"author":1,"featured_media":0,"parent":0,"menu_order":0,"comment_status":"closed","ping_status":"closed","template":"","meta":[],"_links":{"self":[{"href":"https:\/\/revistaecuadorescalidad.agrocalidad.gob.ec\/inicio\/index.php\/wp-json\/wp\/v2\/pages\/5625"}],"collection":[{"href":"https:\/\/revistaecuadorescalidad.agrocalidad.gob.ec\/inicio\/index.php\/wp-json\/wp\/v2\/pages"}],"about":[{"href":"https:\/\/revistaecuadorescalidad.agrocalidad.gob.ec\/inicio\/index.php\/wp-json\/wp\/v2\/types\/page"}],"author":[{"embeddable":true,"href":"https:\/\/revistaecuadorescalidad.agrocalidad.gob.ec\/inicio\/index.php\/wp-json\/wp\/v2\/users\/1"}],"replies":[{"embeddable":true,"href":"https:\/\/revistaecuadorescalidad.agrocalidad.gob.ec\/inicio\/index.php\/wp-json\/wp\/v2\/comments?post=5625"}],"version-history":[{"count":5,"href":"https:\/\/revistaecuadorescalidad.agrocalidad.gob.ec\/inicio\/index.php\/wp-json\/wp\/v2\/pages\/5625\/revisions"}],"predecessor-version":[{"id":5630,"href":"https:\/\/revistaecuadorescalidad.agrocalidad.gob.ec\/inicio\/index.php\/wp-json\/wp\/v2\/pages\/5625\/revisions\/5630"}],"wp:attachment":[{"href":"https:\/\/revistaecuadorescalidad.agrocalidad.gob.ec\/inicio\/index.php\/wp-json\/wp\/v2\/media?parent=5625"}],"curies":[{"name":"wp","href":"https:\/\/api.w.org\/{rel}","templated":true}]}}