{"id":5818,"date":"2020-12-03T01:24:31","date_gmt":"2020-12-03T06:24:31","guid":{"rendered":"https:\/\/revistaecuadorescalidad.agrocalidad.gob.ec\/inicio\/?page_id=5818"},"modified":"2024-11-07T09:46:35","modified_gmt":"2024-11-07T14:46:35","slug":"elsa_melo","status":"publish","type":"page","link":"https:\/\/revistaecuadorescalidad.agrocalidad.gob.ec\/inicio\/index.php\/elsa_melo\/","title":{"rendered":"Elsa Melo"},"content":{"rendered":"\t\t<div data-elementor-type=\"wp-page\" data-elementor-id=\"5818\" class=\"elementor elementor-5818\">\n\t\t\t\t\t\t<div class=\"elementor-inner\">\n\t\t\t\t<div class=\"elementor-section-wrap\">\n\t\t\t\t\t\t\t        <section class=\"elementor-section elementor-top-section elementor-element elementor-element-e2d4a6c elementor-section-boxed elementor-section-height-default elementor-section-height-default\" data-id=\"e2d4a6c\" data-element_type=\"section\">\n            \n                        <div class=\"elementor-container elementor-column-gap-extended \">\n                            <div class=\"elementor-row\">\n                    <div class=\"elementor-column elementor-col-100 elementor-top-column elementor-element elementor-element-de3f4f6\" data-id=\"de3f4f6\" data-element_type=\"column\">\n            <div class=\"elementor-column-wrap elementor-element-populated\">\n                            <div class=\"elementor-widget-wrap\">\n                \t\t<div class=\"elementor-element elementor-element-605e76d elementor-widget elementor-widget-ct_team_details\" data-id=\"605e76d\" data-element_type=\"widget\" data-widget_type=\"ct_team_details.default\">\n\t\t\t\t<div class=\"elementor-widget-container\">\n\t\t\t<div class=\"ct-team-details\">\r\n\t\t\t<div class=\"ct-team-image bg-image\" style=\"background-image: url(https:\/\/revistaecuadorescalidad.agrocalidad.gob.ec\/inicio\/wp-content\/uploads\/2024\/11\/Elsa-Melo.png);\"><\/div>\r\n\t\t<div class=\"ct-team-content bg-image\">\r\n\t\t<div class=\"ct-team-holder\">\r\n\t\t\t<div class=\"ct-team-icon\"><i class=\"fac fac-user-cog\"><\/i><\/div>\r\n\t\t\t<div class=\"ct-team-meta\">\r\n\t\t\t\t<h3 class=\"ct-team-title\">Elsa Melo<\/h3>\r\n\t\t\t\t<div class=\"ct-team-position\">Miembro del Comit\u00e9 Editorial<\/div>\r\n\t\t\t<\/div>\r\n\t\t<\/div>\r\n\t\t<ul class=\"ct-team-contact\">\r\n\t\t\t\t\t\t\t<li><i class=\"fac fac-envelope\"><\/i>elsa.melo@agrocalidad.gob.ec<\/li>\r\n\t\t\t\t\t\t\t\t\t\t<li><i class=\"fac fac-phone\"><\/i>02 3828860 ext. 2050<\/li>\r\n\t\t\t\t\t\t\t\t\t\t<li class=\"contact-address\"><i class=\"fac fac-map-marker-alt\"><\/i>Coordinaci\u00f3n General de Laboratorios, Agencia de Regulaci\u00f3n y Control Fito y Zoosanitario, Ecuador.<\/li>\r\n\t\t\t\t\t<\/ul>\r\n\t\t<div class=\"ct-team-social\">\r\n\t\t\t\t\t\t\t\t\t\t<div class=\"ct-team-social-list\">\r\n\t\t\t\t\t\t\t\t            \t\t\t                <a >\r\n\t\t\t                    \t\t\t                    \t\t\t                <\/a>\r\n\t\t\t            \t\t\t        \t\t\t\t<\/div>\r\n\t\t\t\t\t<\/div>\r\n\t<\/div>\r\n<\/div>\t\t<\/div>\n\t\t\t\t<\/div>\n\t\t                <\/div>\n                    <\/div>\n        <\/div>\n                                <\/div>\n                    <\/div>\n        <\/section>\n                <section class=\"elementor-section elementor-top-section elementor-element elementor-element-2b0ab90 elementor-section-boxed elementor-section-height-default elementor-section-height-default\" data-id=\"2b0ab90\" data-element_type=\"section\">\n            \n                        <div class=\"elementor-container elementor-column-gap-default \">\n                            <div class=\"elementor-row\">\n                    <div class=\"elementor-column elementor-col-100 elementor-top-column elementor-element elementor-element-11c2a9c\" data-id=\"11c2a9c\" data-element_type=\"column\">\n            <div class=\"elementor-column-wrap elementor-element-populated\">\n                            <div class=\"elementor-widget-wrap\">\n                \t\t<div class=\"elementor-element elementor-element-5f5bc25 elementor-widget elementor-widget-text-editor\" data-id=\"5f5bc25\" data-element_type=\"widget\" data-widget_type=\"text-editor.default\">\n\t\t\t\t<div class=\"elementor-widget-container\">\n\t\t\t\t\t\t\t\t<div class=\"elementor-text-editor elementor-clearfix\">\n\t\t\t\t<div class=\"page\" title=\"Page 4\"><div class=\"layoutArea\"><div class=\"column\"><p>Elsa Liliana Melo es una profesional altamente capacitada en el a\u0301mbito de la ciencia y tecnologi\u0301a aplicada a la agricultura, con una so\u0301lida trayectoria en laboratorios de diagno\u0301stico fitosanitario y manejo de plagas. Posee vasta experiencia en el ana\u0301lisis, investigacio\u0301n y desarrollo de soluciones para mejorar la productividad agri\u0301cola, mediante el uso de te\u0301cnicas innovadoras y tecnologi\u0301as avanzadas.<br \/>Ha trabajado en estrecha colaboracio\u0301n con organismos regulatorios y universidades, liderando proyectos estrate\u0301gicos orientados al fortalecimiento de la sanidad agri\u0301cola y la investigacio\u0301n en campo. Adema\u0301s, su capacidad de gestio\u0301n de equipos y coordinacio\u0301n de proyectos multidisciplinarios la convierte en un valioso recurso en la implementacio\u0301n de programas para la optimizacio\u0301n de procesos en laboratorios y la formacio\u0301n de alianzas interinstitucionales.<br \/>Con un enfoque en la mejora de la calidad fitosanitaria y la bu\u0301squeda de alternativas sostenibles para el manejo de plagas, Elsa ha demostrado habilidades excepcionales en la gestio\u0301n de proyectos, supervisio\u0301n de laboratorios y coordinacio\u0301n de investigaciones que buscan impactar positivamente al sector agropecuario.<\/p><\/div><\/div><\/div>\t\t\t\t\t<\/div>\n\t\t\t\t\t\t<\/div>\n\t\t\t\t<\/div>\n\t\t                <\/div>\n                    <\/div>\n        <\/div>\n                                <\/div>\n                    <\/div>\n        <\/section>\n        \t\t\t\t\t\t\t<\/div>\n\t\t\t<\/div>\n\t\t\t\t\t<\/div>\n\t\t","protected":false},"excerpt":{"rendered":"<p>Elsa Melo Miembro del Comit\u00e9 Editorial elsa.melo@agrocalidad.gob.ec 02 3828860 ext. 2050 Coordinaci\u00f3n General de Laboratorios, Agencia de Regulaci\u00f3n y Control Fito y Zoosanitario, Ecuador. Elsa Liliana Melo es una profesional altamente capacitada en el a\u0301mbito de la ciencia y tecnologi\u0301a aplicada a la agricultura, con una so\u0301lida trayectoria en laboratorios de diagno\u0301stico fitosanitario y manejo [&hellip;]<\/p>\n","protected":false},"author":1,"featured_media":0,"parent":0,"menu_order":0,"comment_status":"closed","ping_status":"closed","template":"","meta":[],"_links":{"self":[{"href":"https:\/\/revistaecuadorescalidad.agrocalidad.gob.ec\/inicio\/index.php\/wp-json\/wp\/v2\/pages\/5818"}],"collection":[{"href":"https:\/\/revistaecuadorescalidad.agrocalidad.gob.ec\/inicio\/index.php\/wp-json\/wp\/v2\/pages"}],"about":[{"href":"https:\/\/revistaecuadorescalidad.agrocalidad.gob.ec\/inicio\/index.php\/wp-json\/wp\/v2\/types\/page"}],"author":[{"embeddable":true,"href":"https:\/\/revistaecuadorescalidad.agrocalidad.gob.ec\/inicio\/index.php\/wp-json\/wp\/v2\/users\/1"}],"replies":[{"embeddable":true,"href":"https:\/\/revistaecuadorescalidad.agrocalidad.gob.ec\/inicio\/index.php\/wp-json\/wp\/v2\/comments?post=5818"}],"version-history":[{"count":20,"href":"https:\/\/revistaecuadorescalidad.agrocalidad.gob.ec\/inicio\/index.php\/wp-json\/wp\/v2\/pages\/5818\/revisions"}],"predecessor-version":[{"id":6896,"href":"https:\/\/revistaecuadorescalidad.agrocalidad.gob.ec\/inicio\/index.php\/wp-json\/wp\/v2\/pages\/5818\/revisions\/6896"}],"wp:attachment":[{"href":"https:\/\/revistaecuadorescalidad.agrocalidad.gob.ec\/inicio\/index.php\/wp-json\/wp\/v2\/media?parent=5818"}],"curies":[{"name":"wp","href":"https:\/\/api.w.org\/{rel}","templated":true}]}}