{"id":5873,"date":"2020-12-03T04:21:46","date_gmt":"2020-12-03T09:21:46","guid":{"rendered":"https:\/\/revistaecuadorescalidad.agrocalidad.gob.ec\/inicio\/?page_id=5873"},"modified":"2024-11-07T11:12:09","modified_gmt":"2024-11-07T16:12:09","slug":"martin-rojas","status":"publish","type":"page","link":"https:\/\/revistaecuadorescalidad.agrocalidad.gob.ec\/inicio\/index.php\/martin-rojas\/","title":{"rendered":"Mart\u00edn Rojas"},"content":{"rendered":"\t\t<div data-elementor-type=\"wp-page\" data-elementor-id=\"5873\" class=\"elementor elementor-5873\">\n\t\t\t\t\t\t<div class=\"elementor-inner\">\n\t\t\t\t<div class=\"elementor-section-wrap\">\n\t\t\t\t\t\t\t        <section class=\"elementor-section elementor-top-section elementor-element elementor-element-e2d4a6c elementor-section-boxed elementor-section-height-default elementor-section-height-default\" data-id=\"e2d4a6c\" data-element_type=\"section\">\n            \n                        <div class=\"elementor-container elementor-column-gap-extended \">\n                            <div class=\"elementor-row\">\n                    <div class=\"elementor-column elementor-col-100 elementor-top-column elementor-element elementor-element-de3f4f6\" data-id=\"de3f4f6\" data-element_type=\"column\">\n            <div class=\"elementor-column-wrap\">\n                            <div class=\"elementor-widget-wrap\">\n                                <\/div>\n                    <\/div>\n        <\/div>\n                                <\/div>\n                    <\/div>\n        <\/section>\n                <section class=\"elementor-section elementor-top-section elementor-element elementor-element-2b0ab90 elementor-section-boxed elementor-section-height-default elementor-section-height-default\" data-id=\"2b0ab90\" data-element_type=\"section\">\n            \n                        <div class=\"elementor-container elementor-column-gap-default \">\n                            <div class=\"elementor-row\">\n                    <div class=\"elementor-column elementor-col-100 elementor-top-column elementor-element elementor-element-11c2a9c\" data-id=\"11c2a9c\" data-element_type=\"column\">\n            <div class=\"elementor-column-wrap elementor-element-populated\">\n                            <div class=\"elementor-widget-wrap\">\n                \t\t<div class=\"elementor-element elementor-element-605e76d elementor-widget elementor-widget-ct_team_details\" data-id=\"605e76d\" data-element_type=\"widget\" data-widget_type=\"ct_team_details.default\">\n\t\t\t\t<div class=\"elementor-widget-container\">\n\t\t\t<div class=\"ct-team-details\">\r\n\t\t\t<div class=\"ct-team-image bg-image\" style=\"background-image: url(https:\/\/revistaecuadorescalidad.agrocalidad.gob.ec\/inicio\/wp-content\/uploads\/2024\/11\/M.Rojas_.png);\"><\/div>\r\n\t\t<div class=\"ct-team-content bg-image\">\r\n\t\t<div class=\"ct-team-holder\">\r\n\t\t\t<div class=\"ct-team-icon\"><i class=\"fac fac-user-cog\"><\/i><\/div>\r\n\t\t\t<div class=\"ct-team-meta\">\r\n\t\t\t\t<h3 class=\"ct-team-title\">Mart\u00edn Rojas<\/h3>\r\n\t\t\t\t<div class=\"ct-team-position\">Miembro del Comit\u00e9 Editorial<\/div>\r\n\t\t\t<\/div>\r\n\t\t<\/div>\r\n\t\t<ul class=\"ct-team-contact\">\r\n\t\t\t\t\t\t\t<li><i class=\"fac fac-envelope\"><\/i>mrojasbr8@gmail.com<\/li>\r\n\t\t\t\t\t\t\t\t\t\t\t\t\t<li class=\"contact-address\"><i class=\"fac fac-map-marker-alt\"><\/i>Agencia de Regulaci\u00f3n y Control Fito y Zoosanitario<\/li>\r\n\t\t\t\t\t<\/ul>\r\n\t\t<div class=\"ct-team-social\">\r\n\t\t\t\t\t\t\t\t\t\t<div class=\"ct-team-social-list\">\r\n\t\t\t\t\t\t\t\t            \t\t\t                <a href=\"https:\/\/orcid.org\/0000-0003-2111-2207\" target=\"_blank\">\r\n\t\t\t                    <i aria-hidden=\"true\" class=\"fab fa-orcid\"><\/i>\t\t\t                    \t\t\t                <\/a>\r\n\t\t\t            \t\t\t        \t\t\t\t<\/div>\r\n\t\t\t\t\t<\/div>\r\n\t<\/div>\r\n<\/div>\t\t<\/div>\n\t\t\t\t<\/div>\n\t\t\t\t<div class=\"elementor-element elementor-element-5f5bc25 elementor-widget elementor-widget-text-editor\" data-id=\"5f5bc25\" data-element_type=\"widget\" data-widget_type=\"text-editor.default\">\n\t\t\t\t<div class=\"elementor-widget-container\">\n\t\t\t\t\t\t\t\t<div class=\"elementor-text-editor elementor-clearfix\">\n\t\t\t\t<div class=\"page\" title=\"Page 7\"><div class=\"layoutArea\"><div class=\"column\"><p>Martin Enrique Rojas Bravo es Ingeniero en Biotecnologi\u0301a graduado de la Universidad Polite\u0301cnica Salesiana (UPS). Actualmente, se encuentra ampliando sus horizontes acade\u0301micos al cursar la Maestri\u0301a Interuniversitaria en Ciencias de la Bioinforma\u0301tica y Bioestadi\u0301stica por la Universitat Oberta de Catalunya (UOC) y la Universitat de Barcelona (UB), a ma\u0301s de cursar un segundo pregrado en Derecho en la Universidad Estatal de Milagro (UNEMI).<br \/>Durante su trayectoria, ha sido parti\u0301cipe en varios proyectos e investigaciones relacionadas con la identificacio\u0301n molecular de especies vegetales de la familia Orchidaceae, en la elaboracio\u0301n de productos comunicacionales \u2013 acade\u0301micos en medicina trasplantolo\u0301gica y en el mejoramiento de me\u0301todos de extraccio\u0301n de ADN de fuentes biolo\u0301gicas. En el a\u0301mbito profesional, se desempen\u0303a como Analista de Biologi\u0301a Molecular \u2013 Diagno\u0301stico Animal en la Agencia de Regulacio\u0301n y Control Fito y Zoosanitario (ARCFIZ).<br \/>Correo: mrojasbr8@gmail.com<br \/>Tele\u0301fono: 0996441788\u00a0\u00a0<\/p><\/div><\/div><\/div>\t\t\t\t\t<\/div>\n\t\t\t\t\t\t<\/div>\n\t\t\t\t<\/div>\n\t\t                <\/div>\n                    <\/div>\n        <\/div>\n                                <\/div>\n                    <\/div>\n        <\/section>\n        \t\t\t\t\t\t\t<\/div>\n\t\t\t<\/div>\n\t\t\t\t\t<\/div>\n\t\t","protected":false},"excerpt":{"rendered":"<p>Mart\u00edn Rojas Miembro del Comit\u00e9 Editorial mrojasbr8@gmail.com Agencia de Regulaci\u00f3n y Control Fito y Zoosanitario Martin Enrique Rojas Bravo es Ingeniero en Biotecnologi\u0301a graduado de la Universidad Polite\u0301cnica Salesiana (UPS). Actualmente, se encuentra ampliando sus horizontes acade\u0301micos al cursar la Maestri\u0301a Interuniversitaria en Ciencias de la Bioinforma\u0301tica y Bioestadi\u0301stica por la Universitat Oberta de Catalunya [&hellip;]<\/p>\n","protected":false},"author":1,"featured_media":0,"parent":0,"menu_order":0,"comment_status":"closed","ping_status":"closed","template":"","meta":[],"_links":{"self":[{"href":"https:\/\/revistaecuadorescalidad.agrocalidad.gob.ec\/inicio\/index.php\/wp-json\/wp\/v2\/pages\/5873"}],"collection":[{"href":"https:\/\/revistaecuadorescalidad.agrocalidad.gob.ec\/inicio\/index.php\/wp-json\/wp\/v2\/pages"}],"about":[{"href":"https:\/\/revistaecuadorescalidad.agrocalidad.gob.ec\/inicio\/index.php\/wp-json\/wp\/v2\/types\/page"}],"author":[{"embeddable":true,"href":"https:\/\/revistaecuadorescalidad.agrocalidad.gob.ec\/inicio\/index.php\/wp-json\/wp\/v2\/users\/1"}],"replies":[{"embeddable":true,"href":"https:\/\/revistaecuadorescalidad.agrocalidad.gob.ec\/inicio\/index.php\/wp-json\/wp\/v2\/comments?post=5873"}],"version-history":[{"count":14,"href":"https:\/\/revistaecuadorescalidad.agrocalidad.gob.ec\/inicio\/index.php\/wp-json\/wp\/v2\/pages\/5873\/revisions"}],"predecessor-version":[{"id":6987,"href":"https:\/\/revistaecuadorescalidad.agrocalidad.gob.ec\/inicio\/index.php\/wp-json\/wp\/v2\/pages\/5873\/revisions\/6987"}],"wp:attachment":[{"href":"https:\/\/revistaecuadorescalidad.agrocalidad.gob.ec\/inicio\/index.php\/wp-json\/wp\/v2\/media?parent=5873"}],"curies":[{"name":"wp","href":"https:\/\/api.w.org\/{rel}","templated":true}]}}