{"id":5901,"date":"2020-12-03T04:31:42","date_gmt":"2020-12-03T09:31:42","guid":{"rendered":"https:\/\/revistaecuadorescalidad.agrocalidad.gob.ec\/inicio\/?page_id=5901"},"modified":"2024-11-07T09:57:54","modified_gmt":"2024-11-07T14:57:54","slug":"mercy-falconi-2","status":"publish","type":"page","link":"https:\/\/revistaecuadorescalidad.agrocalidad.gob.ec\/inicio\/index.php\/mercy-falconi-2\/","title":{"rendered":"Mercy Falcon\u00ed"},"content":{"rendered":"\t\t<div data-elementor-type=\"wp-page\" data-elementor-id=\"5901\" class=\"elementor elementor-5901\">\n\t\t\t\t\t\t<div class=\"elementor-inner\">\n\t\t\t\t<div class=\"elementor-section-wrap\">\n\t\t\t\t\t\t\t        <section class=\"elementor-section elementor-top-section elementor-element elementor-element-e2d4a6c elementor-section-boxed elementor-section-height-default elementor-section-height-default\" data-id=\"e2d4a6c\" data-element_type=\"section\">\n            \n                        <div class=\"elementor-container elementor-column-gap-extended \">\n                            <div class=\"elementor-row\">\n                    <div class=\"elementor-column elementor-col-100 elementor-top-column elementor-element elementor-element-de3f4f6\" data-id=\"de3f4f6\" data-element_type=\"column\">\n            <div class=\"elementor-column-wrap elementor-element-populated\">\n                            <div class=\"elementor-widget-wrap\">\n                \t\t<div class=\"elementor-element elementor-element-605e76d elementor-widget elementor-widget-ct_team_details\" data-id=\"605e76d\" data-element_type=\"widget\" data-widget_type=\"ct_team_details.default\">\n\t\t\t\t<div class=\"elementor-widget-container\">\n\t\t\t<div class=\"ct-team-details\">\r\n\t\t\t<div class=\"ct-team-image bg-image\" style=\"background-image: url(https:\/\/revistaecuadorescalidad.agrocalidad.gob.ec\/inicio\/wp-content\/uploads\/2023\/06\/mercy-falconi.png);\"><\/div>\r\n\t\t<div class=\"ct-team-content bg-image\">\r\n\t\t<div class=\"ct-team-holder\">\r\n\t\t\t<div class=\"ct-team-icon\"><i class=\"fac fac-user-cog\"><\/i><\/div>\r\n\t\t\t<div class=\"ct-team-meta\">\r\n\t\t\t\t<h3 class=\"ct-team-title\">Mercy Falcon\u00ed<\/h3>\r\n\t\t\t\t<div class=\"ct-team-position\">Miembro del Comit\u00e9 Editorial<\/div>\r\n\t\t\t<\/div>\r\n\t\t<\/div>\r\n\t\t<ul class=\"ct-team-contact\">\r\n\t\t\t\t\t\t\t<li><i class=\"fac fac-envelope\"><\/i>mercy.falconi@agrocalidad.gob.ec<\/li>\r\n\t\t\t\t\t\t\t\t\t\t<li><i class=\"fac fac-phone\"><\/i>02 3828860 ext. 2067<\/li>\r\n\t\t\t\t\t\t\t\t\t\t<li class=\"contact-address\"><i class=\"fac fac-map-marker-alt\"><\/i>Agencia de Regulaci\u00f3n y Control Fito y Zoosanitario<\/li>\r\n\t\t\t\t\t<\/ul>\r\n\t\t<div class=\"ct-team-social\">\r\n\t\t\t\t\t\t\t\t\t\t<div class=\"ct-team-social-list\">\r\n\t\t\t\t\t\t\t\t            \t\t\t                <a >\r\n\t\t\t                    \t\t\t                    \t\t\t                <\/a>\r\n\t\t\t            \t\t\t        \t\t\t\t<\/div>\r\n\t\t\t\t\t<\/div>\r\n\t<\/div>\r\n<\/div>\t\t<\/div>\n\t\t\t\t<\/div>\n\t\t                <\/div>\n                    <\/div>\n        <\/div>\n                                <\/div>\n                    <\/div>\n        <\/section>\n                <section class=\"elementor-section elementor-top-section elementor-element elementor-element-2b0ab90 elementor-section-boxed elementor-section-height-default elementor-section-height-default\" data-id=\"2b0ab90\" data-element_type=\"section\">\n            \n                        <div class=\"elementor-container elementor-column-gap-default \">\n                            <div class=\"elementor-row\">\n                    <div class=\"elementor-column elementor-col-100 elementor-top-column elementor-element elementor-element-11c2a9c\" data-id=\"11c2a9c\" data-element_type=\"column\">\n            <div class=\"elementor-column-wrap elementor-element-populated\">\n                            <div class=\"elementor-widget-wrap\">\n                \t\t<div class=\"elementor-element elementor-element-5f5bc25 elementor-widget elementor-widget-text-editor\" data-id=\"5f5bc25\" data-element_type=\"widget\" data-widget_type=\"text-editor.default\">\n\t\t\t\t<div class=\"elementor-widget-container\">\n\t\t\t\t\t\t\t\t<div class=\"elementor-text-editor elementor-clearfix\">\n\t\t\t\t<div class=\"page\" title=\"Page 5\"><div class=\"layoutArea\"><div class=\"column\"><p>Mercy Falconi\u0301 es Me\u0301dico Veterinario Zootecnista por la Universidad de las Ame\u0301ricas, y es maestrante de Ciencias Veterinarias por la Universidad Te\u0301cnica de Cotopaxi. Desde el an\u0303o 2009 ha desempen\u0303ado diferentes actividades en laboratorios de diagno\u0301stico veterinario. A partir del an\u0303o 2013 se incorporo\u0301 como analista de microbiologi\u0301a en la Agencia de Regulacio\u0301n y Control Fito y Zoosanitario y desde el 2015 ha sido la Responsable Te\u0301cnica del Laboratorio de Microbiologi\u0301a de esta entidad. Cuenta con varias publicaciones en temas de bacteriologi\u0301a veterinaria y es editora de la Revista de la OPS desde el an\u0303o 2024. Actualmente funge como presidenta del Comite de Microbiologi\u0301a INEN, es punto focal del Ecuador del &#8220;Proyecto ZODIAC&#8221; de la OIEA y forma parte del Comite\u0301 Multidisciplinario de RAM de la Agencia de Regulacio\u0301n y Control Fito y Zoosanitario.<\/p><\/div><\/div><\/div>\t\t\t\t\t<\/div>\n\t\t\t\t\t\t<\/div>\n\t\t\t\t<\/div>\n\t\t                <\/div>\n                    <\/div>\n        <\/div>\n                                <\/div>\n                    <\/div>\n        <\/section>\n        \t\t\t\t\t\t\t<\/div>\n\t\t\t<\/div>\n\t\t\t\t\t<\/div>\n\t\t","protected":false},"excerpt":{"rendered":"<p>Mercy Falcon\u00ed Miembro del Comit\u00e9 Editorial mercy.falconi@agrocalidad.gob.ec 02 3828860 ext. 2067 Agencia de Regulaci\u00f3n y Control Fito y Zoosanitario Mercy Falconi\u0301 es Me\u0301dico Veterinario Zootecnista por la Universidad de las Ame\u0301ricas, y es maestrante de Ciencias Veterinarias por la Universidad Te\u0301cnica de Cotopaxi. Desde el an\u0303o 2009 ha desempen\u0303ado diferentes actividades en laboratorios de diagno\u0301stico [&hellip;]<\/p>\n","protected":false},"author":1,"featured_media":0,"parent":0,"menu_order":0,"comment_status":"closed","ping_status":"closed","template":"","meta":[],"_links":{"self":[{"href":"https:\/\/revistaecuadorescalidad.agrocalidad.gob.ec\/inicio\/index.php\/wp-json\/wp\/v2\/pages\/5901"}],"collection":[{"href":"https:\/\/revistaecuadorescalidad.agrocalidad.gob.ec\/inicio\/index.php\/wp-json\/wp\/v2\/pages"}],"about":[{"href":"https:\/\/revistaecuadorescalidad.agrocalidad.gob.ec\/inicio\/index.php\/wp-json\/wp\/v2\/types\/page"}],"author":[{"embeddable":true,"href":"https:\/\/revistaecuadorescalidad.agrocalidad.gob.ec\/inicio\/index.php\/wp-json\/wp\/v2\/users\/1"}],"replies":[{"embeddable":true,"href":"https:\/\/revistaecuadorescalidad.agrocalidad.gob.ec\/inicio\/index.php\/wp-json\/wp\/v2\/comments?post=5901"}],"version-history":[{"count":17,"href":"https:\/\/revistaecuadorescalidad.agrocalidad.gob.ec\/inicio\/index.php\/wp-json\/wp\/v2\/pages\/5901\/revisions"}],"predecessor-version":[{"id":6913,"href":"https:\/\/revistaecuadorescalidad.agrocalidad.gob.ec\/inicio\/index.php\/wp-json\/wp\/v2\/pages\/5901\/revisions\/6913"}],"wp:attachment":[{"href":"https:\/\/revistaecuadorescalidad.agrocalidad.gob.ec\/inicio\/index.php\/wp-json\/wp\/v2\/media?parent=5901"}],"curies":[{"name":"wp","href":"https:\/\/api.w.org\/{rel}","templated":true}]}}