{"id":6163,"date":"2020-12-21T20:44:31","date_gmt":"2020-12-21T20:44:31","guid":{"rendered":"https:\/\/revistaecuadorescalidad.agrocalidad.gob.ec\/inicio\/?page_id=6163"},"modified":"2020-12-21T20:56:50","modified_gmt":"2020-12-21T20:56:50","slug":"comite-cientifico","status":"publish","type":"page","link":"https:\/\/revistaecuadorescalidad.agrocalidad.gob.ec\/inicio\/index.php\/comite-cientifico\/","title":{"rendered":"Comit\u00e9 Cient\u00edfico"},"content":{"rendered":"\t\t<div data-elementor-type=\"wp-page\" data-elementor-id=\"6163\" class=\"elementor elementor-6163\">\n\t\t\t\t\t\t<div class=\"elementor-inner\">\n\t\t\t\t<div class=\"elementor-section-wrap\">\n\t\t\t\t\t\t\t        <section class=\"elementor-section elementor-top-section elementor-element elementor-element-595e705 elementor-section-content-middle elementor-section-boxed elementor-section-height-default elementor-section-height-default\" data-id=\"595e705\" data-element_type=\"section\">\n            \n                        <div class=\"elementor-container elementor-column-gap-extended \">\n                            <div class=\"elementor-row\">\n                    <div class=\"elementor-column elementor-col-100 elementor-top-column elementor-element elementor-element-fbf6e39\" data-id=\"fbf6e39\" data-element_type=\"column\">\n            <div class=\"elementor-column-wrap elementor-element-populated\">\n                            <div class=\"elementor-widget-wrap\">\n                \t\t<div class=\"elementor-element elementor-element-64b4dfa elementor-widget elementor-widget-text-editor\" data-id=\"64b4dfa\" data-element_type=\"widget\" data-widget_type=\"text-editor.default\">\n\t\t\t\t<div class=\"elementor-widget-container\">\n\t\t\t\t\t\t\t\t<div class=\"elementor-text-editor elementor-clearfix\">\n\t\t\t\t<p>Victor Rueda- Ayala<br>Department of Forage and Livestock<br>Norwegian Institute of Bioeconomy Research &#8211; NIBIO), Norway<br>e-mail: patovicnsf@gmail.com<\/p>\n<p><br><\/p>\n<p><br><\/p>\n<p>Rossal\u00eda Garc\u00eda Tejeiro<br>Universit\u00e4t f\u00fcr Bodenkultur, Germany<br>e-mail: r.g.teijeiro@gmail.com<\/p>\n<p><br><\/p>\n<p><br><\/p>\n<p>Andreas Bernreiter<br>Universit\u00e4t f\u00fcr Bodenkultur, Germany<br>e-mail: mapsylno@live.de<\/p>\n<p><br><\/p>\n<p><br><\/p>\n<p>Thorsten Horn<br>Institute for Developmental Biology<br>University of Cologne, Germany<br>e-mail: thorstenhorn@gmx.net<\/p>\n<p><br><\/p>\n<p><br><\/p>\n<p>Iris Vargas Jentzsch<br>Covance Clinical Development GmbH\u2013 Germany<br>e-mail: iris.jentzsch@gmx.net<\/p>\n<p><br><\/p>\n<p><br><\/p>\n<p>Linda Stolker<br>Wageningen University and Research, Netherlands<br>e-mail: linda.stolker@wur.nl<\/p>\n<p><br><\/p>\n<p><br><\/p>\n<p>Fernando Ernesto Ortega Ojeda<br>Universidad de Alcal\u00e1, Espa\u00f1a<br>e-mail: fernando.ortega@uah.es<\/p>\n<p><br><\/p>\n<p><br><\/p>\n<p>Pilar Horcajo Iglesias<br>Universidad Complutense de Madrid, Espa\u00f1a<br>e-mail: phorcajo@vet.ucm.es<\/p>\n<p><br><\/p>\n<p><br><\/p>\n<p>Yeturu Sivaprasad<br>Super Agri Seeds Pvt. Ltd., India<br>e-mail: yeturusivaprasad@gmail.com<\/p>\n<p><br><\/p>\n<p><br><\/p>\n<p>Valerian Ciobot\u0103<br>Rigaku Analytical Devices Inc., USA<br>e-mail: valerian.ciobota@rigaku.com<\/p>\n<p><br><\/p>\n<p><br><\/p>\n<p>Carla Garz\u00f3n<br>Oklahoma State University, USA<br>e-mail: carla.garzon@okstate.edu<\/p>\n<p><br><\/p>\n<p><br><\/p>\n<p>Ricardo Guerrero<br>Universidad Central de Venezuela, Venezuela<br>e-mail: ricardo.guerrero.bio@gmail.com<\/p>\n<p><br><\/p>\n<p><br><\/p>\n<p>Sonia Ulic<br>Universidad Nacional de La Plata, Argentina<br>e-mail: sonia@quimica.unlp.edu.ar<\/p>\n<p><br><\/p>\n<p><br><\/p>\n<p>Jorge Luis Jios<br>Universidad Nacional de La Plata, Argentina<br>e-mail: jljios@quimica.unlp.edu.ar<\/p>\n<p><br><\/p>\n<p><br><\/p>\n<p>Manuel S\u00e1nchez<br>Centro Panamericano de Fiebre Aftosa PANAFTOSA, Brasil<br>e-mail: sanchezm@paho.org<\/p>\n<p><br><\/p>\n<p><br><\/p>\n<p>Wilson Patricio Almeida Granja<br>Agencia de Regulaci\u00f3n y Control Fito y Zoosanitario, Ecuador<br>e-mail: patricio.almeida@agrocalidad.gob.ec<\/p>\n<p><br><\/p>\n<p><br><\/p>\n<p>Rommel An\u00edbal Betancourt Herrera<br>Agencia de Regulaci\u00f3n y Control Fito y Zoosanitario, Ecuador<br>e-mail: rommel.betancourt@agrocalidad.gob.ec<\/p>\n<p><br><\/p>\n<p><br><\/p>\n<p>Jos\u00e9 Eduardo Vilatu\u00f1a Rodr\u00edguez<br>Agencia de Regulaci\u00f3n y Control Fito y Zoosanitario, Ecuador<br>e-mail: jos\u00e9.vilatu\u00f1a@agrocalidad.gob.ec<\/p><p><br><\/p><p><br><\/p>\n<p>Segundo Israel Vaca Jim\u00e9nez<br>Agencia de Regulaci\u00f3n y Control Fito y Zoosanitario, Ecuador<br>e-mail: israel.vaca@agrocalidad.gob.ec<\/p><p><br><\/p><p><br><\/p>\n<p>Diego Alfonso Vizca\u00edno Cabezas<br>SEMIDOR Cia. Ltda, Ecuador<br>e-mail: diegoavizcainoc@gmail.com<\/p><p><br><\/p><p><br><\/p>\n<p>Marylin Cruz Bed\u00f3n<br>Agencia de Regulaci\u00f3n y Control de la Bioseguridad y Cuarentena para Gal\u00e1pagos, Ecuador<br>e-mail: marilyn.cruz@abgalapagos.gob.ec<\/p><p><br><\/p><p><br><\/p>\n<p>Juan Pablo Garz\u00f3n Prado<br>Instituto Nacional de Investigaciones Agropecuarias, Ecuador<br>e-mail: dr.jpgarzon@yahoo.com<\/p><p><br><\/p><p><br><\/p>\n<p>Alberto Javier Roura Cadena<br>Instituto Nacional de Investigaciones Agropecuarias, Ecuador<br>e-mail: alberto.roura@iniap.gob.ec<\/p><p><br><\/p><p><br><\/p>\n<p>William Fernando Viera Arroyo<br>Instituto Nacional de Investigaciones Agropecuarias, Ecuador<br>e-mail: william.viera@iniap.gob.ec<\/p><p><br><\/p><p><br><\/p>\n<p>Jos\u00e9 Luis Zambrano Mendoza<br>Instituto Nacional de Investigaciones Agropecuarias, Ecuador<br>e-mail: jose.zambrano@iniap.gob.ec<\/p><p><br><\/p><p><br><\/p>\n<p>Carmen Isabel Castillo Carrillo <br>Instituto Nacional de Investigaciones Agropecuarias, Ecuador<br>e-mail: carmen.castillo@iniap.gob.ec<\/p><p><br><\/p><p><br><\/p>\n<p>Manuel Coronel Feij\u00f3<br>Universidad UTE, Ecuador<br>e-mail: manuel.coronel@ute.edu.ec<\/p><p><br><\/p><p><br><\/p>\n<p>Mar\u00eda Jos\u00e9 Andrade Cuvi<br>Universidad UTE, Ecuador<br>e-mail: mjandradecuvi@ute.edu.ec<\/p><p><br><\/p><p><br><\/p>\n<p>Christian David Alc\u00edvar Le\u00f3n<br>Universidad UTE, Ecuador<br>e-mail: christian.alcivar@ute.edu.ec<\/p><p><br><\/p><p><br><\/p>\n<p>Roberto Carlos Granda Jaramillo<br>Universidad UTE, Ecuador<br>e-mail: roberto.granda@ute.edu.ec<\/p><p><br><\/p><p><br><\/p>\n<p>Luis Alfredo Mena Mi\u00f1o<br>Universidad San Francisco de Quito, Ecuador<br>e-mail: luismenamino@hotmail.com<\/p><p><br><\/p><p><br><\/p>\n<p>Andrea Valeria Ochoa Tufi\u00f1o<br>Universidad de las Fuerzas Armadas \u2013 ESPE, Ecuador<br>e-mail: avochoa@espe.edu.ec<\/p><p><br><\/p><p><br><\/p>\n<p>Javier Vicente Vargas Estrella<br>Universidad Central del Ecuador, Ecuador<br>e-mail: j_vargase@yahoo.com<\/p><p><br><\/p><p><br>Eduardo Arag\u00f3n<br>Universidad Central del Ecuador, Ecuador<br>e-mail: earagon@uce.edu.ec<\/p><p><br><\/p><p><br><\/p>\n<p>Jenny Ruales<br>Escuela Polit\u00e9cnica Nacional, Ecuador<br>e-mail: jenny.ruales@epn.edu.ec<\/p><p><br><\/p><p><br><\/p>\n<p>Felipe Rafael Garc\u00e9s Fiallos<br>Universidad T\u00e9cnica de Manab\u00ed, Ecuador<br>e-mail: fgarces@utm.edu.ec<\/p><p><br><\/p><p><br><\/p>\n<p>William James Senior Gailindo<br>Universidad de Machala, Ecuador<br>e-mail: senior.william@gmail.com<\/p><p><br><\/p><p><br><\/p>\t\t\t\t\t<\/div>\n\t\t\t\t\t\t<\/div>\n\t\t\t\t<\/div>\n\t\t                <\/div>\n                    <\/div>\n        <\/div>\n                                <\/div>\n                    <\/div>\n        <\/section>\n        \t\t\t\t\t\t\t<\/div>\n\t\t\t<\/div>\n\t\t\t\t\t<\/div>\n\t\t","protected":false},"excerpt":{"rendered":"<p>Victor Rueda- AyalaDepartment of Forage and LivestockNorwegian Institute of Bioeconomy Research &#8211; NIBIO), Norwaye-mail: patovicnsf@gmail.com Rossal\u00eda Garc\u00eda TejeiroUniversit\u00e4t f\u00fcr Bodenkultur, Germanye-mail: r.g.teijeiro@gmail.com Andreas BernreiterUniversit\u00e4t f\u00fcr Bodenkultur, Germanye-mail: mapsylno@live.de Thorsten HornInstitute for Developmental BiologyUniversity of Cologne, Germanye-mail: thorstenhorn@gmx.net Iris Vargas JentzschCovance Clinical Development GmbH\u2013 Germanye-mail: iris.jentzsch@gmx.net Linda StolkerWageningen University and Research, Netherlandse-mail: linda.stolker@wur.nl Fernando Ernesto Ortega [&hellip;]<\/p>\n","protected":false},"author":1,"featured_media":0,"parent":0,"menu_order":0,"comment_status":"closed","ping_status":"closed","template":"","meta":[],"_links":{"self":[{"href":"https:\/\/revistaecuadorescalidad.agrocalidad.gob.ec\/inicio\/index.php\/wp-json\/wp\/v2\/pages\/6163"}],"collection":[{"href":"https:\/\/revistaecuadorescalidad.agrocalidad.gob.ec\/inicio\/index.php\/wp-json\/wp\/v2\/pages"}],"about":[{"href":"https:\/\/revistaecuadorescalidad.agrocalidad.gob.ec\/inicio\/index.php\/wp-json\/wp\/v2\/types\/page"}],"author":[{"embeddable":true,"href":"https:\/\/revistaecuadorescalidad.agrocalidad.gob.ec\/inicio\/index.php\/wp-json\/wp\/v2\/users\/1"}],"replies":[{"embeddable":true,"href":"https:\/\/revistaecuadorescalidad.agrocalidad.gob.ec\/inicio\/index.php\/wp-json\/wp\/v2\/comments?post=6163"}],"version-history":[{"count":7,"href":"https:\/\/revistaecuadorescalidad.agrocalidad.gob.ec\/inicio\/index.php\/wp-json\/wp\/v2\/pages\/6163\/revisions"}],"predecessor-version":[{"id":6175,"href":"https:\/\/revistaecuadorescalidad.agrocalidad.gob.ec\/inicio\/index.php\/wp-json\/wp\/v2\/pages\/6163\/revisions\/6175"}],"wp:attachment":[{"href":"https:\/\/revistaecuadorescalidad.agrocalidad.gob.ec\/inicio\/index.php\/wp-json\/wp\/v2\/media?parent=6163"}],"curies":[{"name":"wp","href":"https:\/\/api.w.org\/{rel}","templated":true}]}}